{"id":5071,"date":"2025-05-05T12:54:49","date_gmt":"2025-05-05T12:54:49","guid":{"rendered":"https:\/\/chateaubiac.com\/product\/secret-de-biac\/"},"modified":"2026-02-21T22:51:11","modified_gmt":"2026-02-21T22:51:11","slug":"secret-de-biac","status":"publish","type":"product","link":"https:\/\/chateaubiac.com\/fr\/product\/secret-de-biac\/","title":{"rendered":"Secret de Biac"},"content":{"rendered":"<div class=\"default-title text-uppercase center mt-2 mb-6\">\n<div class=\"elementor-element elementor-element-4fbd5e19 elementor-widget elementor-widget-heading\" data-id=\"4fbd5e19\" data-element_type=\"widget\" data-widget_type=\"heading.default\">\n<div class=\"elementor-widget-container\">\n<h2 class=\"elementor-heading-title elementor-size-default\" style=\"text-align: center;\"><img decoding=\"async\" class=\"alignnone size-medium wp-image-5008\" src=\"https:\/\/chateaubiac.com\/wp-content\/uploads\/Secret-Title-300x58.png\" alt=\"\" width=\"300\" height=\"58\" srcset=\"https:\/\/chateaubiac.com\/wp-content\/uploads\/Secret-Title-300x58.png 300w, https:\/\/chateaubiac.com\/wp-content\/uploads\/Secret-Title-600x116.png 600w, https:\/\/chateaubiac.com\/wp-content\/uploads\/Secret-Title.png 648w\" sizes=\"(max-width: 300px) 100vw, 300px\" \/><\/h2>\n<\/div>\n<\/div>\n<div class=\"elementor-element elementor-element-4e30aa27 elementor-widget-divider--view-line elementor-widget elementor-widget-divider\" data-id=\"4e30aa27\" data-element_type=\"widget\" data-widget_type=\"divider.default\">\n<div class=\"elementor-widget-container\">\n<div class=\"elementor-divider\"><\/div>\n<\/div>\n<\/div>\n<div class=\"elementor-element elementor-element-6414c21b elementor-widget elementor-widget-text-editor\" data-id=\"6414c21b\" data-element_type=\"widget\" data-widget_type=\"text-editor.default\">\n<div class=\"elementor-widget-container\">\n<p>Secret de Ch\u00e2teau Biac est la chanson estivale du vignoble : la m\u00e9lodie que vous fredonnez lorsque vous \u00eates heureux&#8230;<\/p>\n<p>\u00c9labor\u00e9 dans le plus grand respect de la tradition bordelaise ancestrale de la vinification des vins liquoreux, les raisins s\u00e9lectionn\u00e9s pour ce nectar dor\u00e9 sont choisis m\u00e9ticuleusement un par un lors de plusieurs passages dict\u00e9s par la pr\u00e9sence de la pourriture noble : Botrytis Cinerea.<\/p>\n<p>Buvez-le frais, mais pas trop froid. Fermez les yeux et laissez les ar\u00f4mes envo\u00fbtants d&rsquo;abricots secs, de p\u00eaches blanches et de fleurs blanches vous transporter au sommet de la colline d&rsquo;o\u00f9 il provient&#8230; La vie n&rsquo;en sera que plus belle !<\/p>\n<\/div>\n<\/div>\n<\/div>\n","protected":false},"excerpt":{"rendered":"<p>Notre vin liquoreux \u00e9labor\u00e9 \u00e0 partir de nos raisins S\u00e9millon botrytis\u00e9s (pourriture noble).<\/p>\n","protected":false},"featured_media":5019,"template":"","meta":[],"product_brand":[],"product_cat":[85],"product_tag":[],"class_list":{"0":"post-5071","1":"product","2":"type-product","3":"status-publish","4":"has-post-thumbnail","6":"product_cat-liquoreux","7":"pa_millesime-80","8":"pa_millesime-81","9":"pa_millesime-82","10":"pa_size-bouteille-50cl","11":"pa_size-magum-1-5l","13":"first","14":"instock","15":"taxable","16":"shipping-taxable","17":"purchasable","18":"product-type-variable"},"jetpack_sharing_enabled":true,"_links":{"self":[{"href":"https:\/\/chateaubiac.com\/fr\/wp-json\/wp\/v2\/product\/5071","targetHints":{"allow":["GET"]}}],"collection":[{"href":"https:\/\/chateaubiac.com\/fr\/wp-json\/wp\/v2\/product"}],"about":[{"href":"https:\/\/chateaubiac.com\/fr\/wp-json\/wp\/v2\/types\/product"}],"wp:featuredmedia":[{"embeddable":true,"href":"https:\/\/chateaubiac.com\/fr\/wp-json\/wp\/v2\/media\/5019"}],"wp:attachment":[{"href":"https:\/\/chateaubiac.com\/fr\/wp-json\/wp\/v2\/media?parent=5071"}],"wp:term":[{"taxonomy":"product_brand","embeddable":true,"href":"https:\/\/chateaubiac.com\/fr\/wp-json\/wp\/v2\/product_brand?post=5071"},{"taxonomy":"product_cat","embeddable":true,"href":"https:\/\/chateaubiac.com\/fr\/wp-json\/wp\/v2\/product_cat?post=5071"},{"taxonomy":"product_tag","embeddable":true,"href":"https:\/\/chateaubiac.com\/fr\/wp-json\/wp\/v2\/product_tag?post=5071"}],"curies":[{"name":"wp","href":"https:\/\/api.w.org\/{rel}","templated":true}]}}