{"id":5084,"date":"2025-05-05T12:54:49","date_gmt":"2025-05-05T12:54:49","guid":{"rendered":"https:\/\/chateaubiac.com\/product\/5084\/"},"modified":"2026-03-23T16:49:36","modified_gmt":"2026-03-23T16:49:36","slug":"5084","status":"publish","type":"product","link":"https:\/\/chateaubiac.com\/fr\/product\/5084\/","title":{"rendered":"Felicie de Biac"},"content":{"rendered":"<div class=\"default-title text-uppercase center mt-2 mb-6\">\n<div class=\"elementor-element elementor-element-542c3e97 elementor-widget elementor-widget-heading\" data-id=\"542c3e97\" data-element_type=\"widget\" data-widget_type=\"heading.default\">\n<div class=\"elementor-widget-container\">\n<h2 class=\"elementor-heading-title elementor-size-default\"><img decoding=\"async\" class=\" wp-image-5010 aligncenter\" src=\"https:\/\/chateaubiac.com\/wp-content\/uploads\/Felicie-Title-300x96.png\" alt=\"\" width=\"253\" height=\"81\" srcset=\"https:\/\/chateaubiac.com\/wp-content\/uploads\/Felicie-Title-300x96.png 300w, https:\/\/chateaubiac.com\/wp-content\/uploads\/Felicie-Title.png 417w\" sizes=\"(max-width: 253px) 100vw, 253px\" \/><\/h2>\n<\/div>\n<\/div>\n<div class=\"elementor-element elementor-element-5b3f7213 elementor-widget-divider--view-line elementor-widget elementor-widget-divider\" data-id=\"5b3f7213\" data-element_type=\"widget\" data-widget_type=\"divider.default\">\n<div class=\"elementor-widget-container\">\n<div class=\"elementor-divider\"><\/div>\n<\/div>\n<\/div>\n<div class=\"elementor-element elementor-element-1626fbdb elementor-widget elementor-widget-text-editor\" data-id=\"1626fbdb\" data-element_type=\"widget\" data-widget_type=\"text-editor.default\">\n<div class=\"elementor-widget-container\">\n<p>En 2008, nous avons introduit des vignes de sauvignon blanc soigneusement s\u00e9lectionn\u00e9es (s\u00e9lection massale) sur une petite parcelle afin d&rsquo;apporter peut-\u00eatre un peu de vivacit\u00e9 \u00e0 l&rsquo;assemblage des vins doux. Nous avons rapidement r\u00e9alis\u00e9 que nous pouvions \u00e9galement produire un vin blanc sec tr\u00e8s rafra\u00eechissant et aromatique. Comme Felicie semblait remporter un franc succ\u00e8s aupr\u00e8s de nos visiteurs et sous la pression de nombreux clients, il est d\u00e9sormais disponible \u00e0 la vente, mais reste, tout comme Secret, une production confidentielle et limit\u00e9e !<\/p>\n<\/div>\n<\/div>\n<\/div>\n","protected":false},"excerpt":{"rendered":"<p>En 2008, nous avons introduit des vignes de sauvignon blanc soigneusement s\u00e9lectionn\u00e9es (s\u00e9lection massale) sur une petite parcelle afin d&rsquo;apporter peut-\u00eatre un peu de vivacit\u00e9 \u00e0 l&rsquo;assemblage des vins doux. Nous avons rapidement r\u00e9alis\u00e9 que nous pouvions \u00e9galement produire un vin blanc sec tr\u00e8s rafra\u00eechissant et aromatique. Comme Felicie semblait remporter un franc succ\u00e8s aupr\u00e8s [&hellip;]<\/p>\n","protected":false},"featured_media":5021,"template":"","meta":[],"product_brand":[],"product_cat":[88],"product_tag":[],"class_list":{"0":"post-5084","1":"product","2":"type-product","3":"status-publish","4":"has-post-thumbnail","6":"product_cat-blanc-sec","7":"pa_millesime-86","8":"pa_millesime-99","9":"pa_size-bouteille-75cl","11":"first","12":"instock","13":"taxable","14":"shipping-taxable","15":"purchasable","16":"product-type-variable"},"jetpack_sharing_enabled":true,"_links":{"self":[{"href":"https:\/\/chateaubiac.com\/fr\/wp-json\/wp\/v2\/product\/5084","targetHints":{"allow":["GET"]}}],"collection":[{"href":"https:\/\/chateaubiac.com\/fr\/wp-json\/wp\/v2\/product"}],"about":[{"href":"https:\/\/chateaubiac.com\/fr\/wp-json\/wp\/v2\/types\/product"}],"wp:featuredmedia":[{"embeddable":true,"href":"https:\/\/chateaubiac.com\/fr\/wp-json\/wp\/v2\/media\/5021"}],"wp:attachment":[{"href":"https:\/\/chateaubiac.com\/fr\/wp-json\/wp\/v2\/media?parent=5084"}],"wp:term":[{"taxonomy":"product_brand","embeddable":true,"href":"https:\/\/chateaubiac.com\/fr\/wp-json\/wp\/v2\/product_brand?post=5084"},{"taxonomy":"product_cat","embeddable":true,"href":"https:\/\/chateaubiac.com\/fr\/wp-json\/wp\/v2\/product_cat?post=5084"},{"taxonomy":"product_tag","embeddable":true,"href":"https:\/\/chateaubiac.com\/fr\/wp-json\/wp\/v2\/product_tag?post=5084"}],"curies":[{"name":"wp","href":"https:\/\/api.w.org\/{rel}","templated":true}]}}