{"id":5087,"date":"2025-05-05T12:54:48","date_gmt":"2025-05-05T12:54:48","guid":{"rendered":"https:\/\/chateaubiac.com\/product\/felix-de-biac\/"},"modified":"2025-05-05T12:54:48","modified_gmt":"2025-05-05T12:54:48","slug":"felix-de-biac","status":"publish","type":"product","link":"https:\/\/chateaubiac.com\/fr\/product\/felix-de-biac\/","title":{"rendered":"Felix de Biac"},"content":{"rendered":"<div class=\"default-title text-uppercase center mt-2 mb-6\">\n<div class=\"elementor-element elementor-element-573d21bf elementor-widget elementor-widget-heading\" data-id=\"573d21bf\" data-element_type=\"widget\" data-widget_type=\"heading.default\">\n<div class=\"elementor-widget-container\">\n<h2 class=\"elementor-heading-title elementor-size-default\"><img decoding=\"async\" class=\" wp-image-5006 aligncenter\" src=\"https:\/\/chateaubiac.com\/wp-content\/uploads\/Felix-Title-300x110.png\" alt=\"\" width=\"226\" height=\"83\" srcset=\"https:\/\/chateaubiac.com\/wp-content\/uploads\/Felix-Title-300x110.png 300w, https:\/\/chateaubiac.com\/wp-content\/uploads\/Felix-Title.png 351w\" sizes=\"(max-width: 226px) 100vw, 226px\" \/><\/h2>\n<\/div>\n<\/div>\n<div class=\"elementor-element elementor-element-5fd29916 elementor-widget-divider--view-line elementor-widget elementor-widget-divider\" data-id=\"5fd29916\" data-element_type=\"widget\" data-widget_type=\"divider.default\">\n<div class=\"elementor-widget-container\">\n<div class=\"elementor-divider\"><\/div>\n<\/div>\n<\/div>\n<div class=\"elementor-element elementor-element-14f97d5e elementor-widget elementor-widget-text-editor\" data-id=\"14f97d5e\" data-element_type=\"widget\" data-widget_type=\"text-editor.default\">\n<div class=\"elementor-widget-container\">\n<p>\u00c0 l&rsquo;image de ses fr\u00e8res et s\u0153urs musicaux, F\u00e9lix de Biac est la m\u00e9lodie joyeuse que l&rsquo;on chante sous la douche ! Facile \u00e0 retenir (\u00e0 boire), F\u00e9lix est le compagnon convivial de vos repas d\u00e9contract\u00e9s.<\/p>\n<p>L&rsquo;assemblage de F\u00e9lix est n\u00e9anmoins tout aussi soigneusement pens\u00e9 que pour nos deux autres vins rouges. Nous veillons \u00e0 ce que son caract\u00e8re et sa structure soient bien d\u00e9finis. F\u00e9lix est fruit\u00e9, frais, agr\u00e9able, et peut m\u00eame \u00eatre servi l\u00e9g\u00e8rement plus frais lors des chaudes nuits d&rsquo;\u00e9t\u00e9. Buvez-le jeune sans h\u00e9sitation : il est pr\u00eat \u00e0 \u00eatre d\u00e9gust\u00e9 d\u00e8s le bouchon d\u00e9bouch\u00e9.<\/p>\n<\/div>\n<\/div>\n<\/div>\n","protected":false},"excerpt":{"rendered":"<p>\u00c0 l&rsquo;image de ses fr\u00e8res et s\u0153urs musicaux, F\u00e9lix de Biac est la m\u00e9lodie joyeuse que l&rsquo;on chante sous la douche ! Facile \u00e0 retenir (\u00e0 boire), F\u00e9lix est le compagnon convivial de vos repas d\u00e9contract\u00e9s. L&rsquo;assemblage de F\u00e9lix est n\u00e9anmoins tout aussi soigneusement pens\u00e9 que pour nos deux autres vins rouges. Nous veillons \u00e0 [&hellip;]<\/p>\n","protected":false},"featured_media":5023,"template":"","meta":[],"product_brand":[],"product_cat":[95],"product_tag":[],"class_list":{"0":"post-5087","1":"product","2":"type-product","3":"status-publish","4":"has-post-thumbnail","6":"product_cat-rouge","7":"pa_millesime-89","8":"pa_millesime-90","9":"pa_millesime-91","10":"pa_size-bouteille-75cl","11":"pa_size-magnum-1-5l","12":"pa_size-melchior-18l","13":"pa_size-nabuchodonozor-15l","15":"first","16":"instock","17":"taxable","18":"shipping-taxable","19":"purchasable","20":"product-type-variable"},"jetpack_sharing_enabled":true,"_links":{"self":[{"href":"https:\/\/chateaubiac.com\/fr\/wp-json\/wp\/v2\/product\/5087","targetHints":{"allow":["GET"]}}],"collection":[{"href":"https:\/\/chateaubiac.com\/fr\/wp-json\/wp\/v2\/product"}],"about":[{"href":"https:\/\/chateaubiac.com\/fr\/wp-json\/wp\/v2\/types\/product"}],"wp:featuredmedia":[{"embeddable":true,"href":"https:\/\/chateaubiac.com\/fr\/wp-json\/wp\/v2\/media\/5023"}],"wp:attachment":[{"href":"https:\/\/chateaubiac.com\/fr\/wp-json\/wp\/v2\/media?parent=5087"}],"wp:term":[{"taxonomy":"product_brand","embeddable":true,"href":"https:\/\/chateaubiac.com\/fr\/wp-json\/wp\/v2\/product_brand?post=5087"},{"taxonomy":"product_cat","embeddable":true,"href":"https:\/\/chateaubiac.com\/fr\/wp-json\/wp\/v2\/product_cat?post=5087"},{"taxonomy":"product_tag","embeddable":true,"href":"https:\/\/chateaubiac.com\/fr\/wp-json\/wp\/v2\/product_tag?post=5087"}],"curies":[{"name":"wp","href":"https:\/\/api.w.org\/{rel}","templated":true}]}}