{"id":5100,"date":"2025-05-05T12:54:47","date_gmt":"2025-05-05T12:54:47","guid":{"rendered":"https:\/\/chateaubiac.com\/product\/5100\/"},"modified":"2026-02-24T19:06:42","modified_gmt":"2026-02-24T19:06:42","slug":"5100","status":"publish","type":"product","link":"https:\/\/chateaubiac.com\/fr\/product\/5100\/","title":{"rendered":"B de Biac"},"content":{"rendered":"<div class=\"default-title text-uppercase center mt-2 mb-6\">\n<div class=\"elementor-element elementor-element-542c3e97 elementor-widget elementor-widget-heading\" data-id=\"542c3e97\" data-element_type=\"widget\" data-widget_type=\"heading.default\">\n<div class=\"elementor-widget-container\">\n<h2 class=\"elementor-heading-title elementor-size-default\"><img decoding=\"async\" class=\"wp-image-5004 aligncenter\" src=\"https:\/\/chateaubiac.com\/wp-content\/uploads\/B-de-Biac-Title.png\" alt=\"\" width=\"157\" height=\"82\" \/><\/h2>\n<\/div>\n<\/div>\n<div class=\"elementor-element elementor-element-5b3f7213 elementor-widget-divider--view-line elementor-widget elementor-widget-divider\" data-id=\"5b3f7213\" data-element_type=\"widget\" data-widget_type=\"divider.default\">\n<div class=\"elementor-widget-container\">\n<div class=\"elementor-divider\"><\/div>\n<\/div>\n<\/div>\n<div class=\"elementor-element elementor-element-1626fbdb elementor-widget elementor-widget-text-editor\" data-id=\"1626fbdb\" data-element_type=\"widget\" data-widget_type=\"text-editor.default\">\n<div class=\"elementor-widget-container\">\n<p>Poursuivons notre voyage musical : comme tous les instruments (parcelles) de notre vignoble sont de qualit\u00e9 \u00e9gale, le vin qui compose l&rsquo;assemblage B de Biac provient des m\u00eames parcelles que le Ch\u00e2teau Biac, seule la musique diff\u00e8re, \u00e0 \u00e9couter (consommer) en une autre occasion.<\/p>\n<p>Les musiciens d&rsquo;un m\u00eame orchestre ne jouent pas tous ensemble : certains pr\u00e9f\u00e8rent jouer de la musique de chambre plut\u00f4t qu&rsquo;une grande symphonie. Le B de Biac est notre orchestre de chambre : c&rsquo;est un assemblage issu des m\u00eames parcelles que le Ch\u00e2teau Biac, mais destin\u00e9 \u00e0 \u00eatre bu plus facilement. Fruit\u00e9 et frais, il accompagne \u00e0 merveille les moments de d\u00e9tente.<\/p>\n<\/div>\n<\/div>\n<\/div>\n","protected":false},"excerpt":{"rendered":"<p>Poursuivons notre voyage musical : comme tous les instruments (parcelles) de notre vignoble sont de qualit\u00e9 \u00e9gale, le vin qui compose l&rsquo;assemblage B de Biac provient des m\u00eames parcelles que le Ch\u00e2teau Biac, seule la musique diff\u00e8re, \u00e0 \u00e9couter (consommer) en une autre occasion. Les musiciens d&rsquo;un m\u00eame orchestre ne jouent pas tous ensemble : [&hellip;]<\/p>\n","protected":false},"featured_media":5025,"template":"","meta":[],"product_brand":[],"product_cat":[95],"product_tag":[],"class_list":{"0":"post-5100","1":"product","2":"type-product","3":"status-publish","4":"has-post-thumbnail","6":"product_cat-rouge","7":"pa_millesime-80","8":"pa_millesime-81","9":"pa_millesime-82","10":"pa_size-bouteille-75cl","12":"first","13":"instock","14":"taxable","15":"shipping-taxable","16":"purchasable","17":"product-type-variable"},"jetpack_sharing_enabled":true,"_links":{"self":[{"href":"https:\/\/chateaubiac.com\/fr\/wp-json\/wp\/v2\/product\/5100","targetHints":{"allow":["GET"]}}],"collection":[{"href":"https:\/\/chateaubiac.com\/fr\/wp-json\/wp\/v2\/product"}],"about":[{"href":"https:\/\/chateaubiac.com\/fr\/wp-json\/wp\/v2\/types\/product"}],"wp:featuredmedia":[{"embeddable":true,"href":"https:\/\/chateaubiac.com\/fr\/wp-json\/wp\/v2\/media\/5025"}],"wp:attachment":[{"href":"https:\/\/chateaubiac.com\/fr\/wp-json\/wp\/v2\/media?parent=5100"}],"wp:term":[{"taxonomy":"product_brand","embeddable":true,"href":"https:\/\/chateaubiac.com\/fr\/wp-json\/wp\/v2\/product_brand?post=5100"},{"taxonomy":"product_cat","embeddable":true,"href":"https:\/\/chateaubiac.com\/fr\/wp-json\/wp\/v2\/product_cat?post=5100"},{"taxonomy":"product_tag","embeddable":true,"href":"https:\/\/chateaubiac.com\/fr\/wp-json\/wp\/v2\/product_tag?post=5100"}],"curies":[{"name":"wp","href":"https:\/\/api.w.org\/{rel}","templated":true}]}}