{"id":5104,"date":"2025-05-05T12:54:45","date_gmt":"2025-05-05T12:54:45","guid":{"rendered":"https:\/\/chateaubiac.com\/product\/5104\/"},"modified":"2026-03-30T08:11:01","modified_gmt":"2026-03-30T08:11:01","slug":"5104","status":"publish","type":"product","link":"https:\/\/chateaubiac.com\/fr\/product\/5104\/","title":{"rendered":"Ch\u00e2teau Biac"},"content":{"rendered":"<div class=\"default-title text-uppercase center mt-2 mb-6\">\n<div class=\"elementor-element elementor-element-d4413bf elementor-widget elementor-widget-heading\" data-id=\"d4413bf\" data-element_type=\"widget\" data-widget_type=\"heading.default\">\n<div class=\"elementor-widget-container\">\n<h2 class=\"elementor-heading-title elementor-size-default\"><img decoding=\"async\" class=\"size-medium wp-image-5002 aligncenter\" src=\"https:\/\/chateaubiac.com\/wp-content\/uploads\/Chateau-Biac-Title-300x108.png\" alt=\"\" width=\"300\" height=\"108\" srcset=\"https:\/\/chateaubiac.com\/wp-content\/uploads\/Chateau-Biac-Title-300x108.png 300w, https:\/\/chateaubiac.com\/wp-content\/uploads\/Chateau-Biac-Title.png 410w\" sizes=\"(max-width: 300px) 100vw, 300px\" \/><\/h2>\n<\/div>\n<\/div>\n<div class=\"elementor-element elementor-element-9cc5111 elementor-widget-divider--view-line elementor-widget elementor-widget-divider\" data-id=\"9cc5111\" data-element_type=\"widget\" data-widget_type=\"divider.default\">\n<div class=\"elementor-widget-container\">\n<div class=\"elementor-divider\"><\/div>\n<\/div>\n<\/div>\n<div class=\"elementor-element elementor-element-888a49b elementor-widget elementor-widget-text-editor\" data-id=\"888a49b\" data-element_type=\"widget\" data-widget_type=\"text-editor.default\">\n<div class=\"elementor-widget-container\">\n<p>Si l&rsquo;on devait d\u00e9crire les vins en termes musicaux, le Ch\u00e2teau Biac serait une grande symphonie ! Lorsque tous les instruments (c&rsquo;est-\u00e0-dire les c\u00e9pages, les parcelles, les conditions m\u00e9t\u00e9orologiques, etc.) s&rsquo;accordent pour jouer une musique magnifique destin\u00e9e \u00e0 durer.<\/p>\n<p>Il n&rsquo;y a pas de recette toute faite pour jouer cette symphonie : tout comme chaque chef d&rsquo;orchestre a sa mani\u00e8re d&rsquo;interpr\u00e9ter la musique, en l&rsquo;adaptant \u00e0 ce qu&rsquo;il pense \u00eatre le meilleur reflet des intentions du compositeur, notre approche de l&rsquo;assemblage de nos vins est similaire : chaque ann\u00e9e, nous sommes \u00e0 l&rsquo;\u00e9coute de ce que le vignoble et le mill\u00e9sime ont produit afin de fa\u00e7onner le Ch\u00e2teau Biac&#8230;<\/p>\n<p>Un \u00ab vin de Bordeaux moderne \u00bb comme l&rsquo;a \u00e9crit Steven Spurrier (Decanter 2010), il peut \u00eatre bu jeune si vous le souhaitez, mais il gagnera \u00e9galement \u00e0 vieillir dans votre cave. Combien de temps ? Combien de temps pouvez-vous attendre&#8230;<\/p>\n<\/div>\n<\/div>\n<\/div>\n","protected":false},"excerpt":{"rendered":"<p>Si l&rsquo;on devait d\u00e9crire les vins en termes musicaux, le Ch\u00e2teau Biac serait une grande symphonie ! Lorsque tous les instruments (c&rsquo;est-\u00e0-dire les c\u00e9pages, les parcelles, les conditions m\u00e9t\u00e9orologiques, etc.) s&rsquo;accordent pour jouer une musique magnifique destin\u00e9e \u00e0 durer. Il n&rsquo;y a pas de recette toute faite pour jouer cette symphonie : tout comme chaque [&hellip;]<\/p>\n","protected":false},"featured_media":5027,"template":"","meta":[],"product_brand":[],"product_cat":[95],"product_tag":[],"class_list":{"0":"post-5104","1":"product","2":"type-product","3":"status-publish","4":"has-post-thumbnail","6":"product_cat-rouge","7":"pa_millesime-80","8":"pa_millesime-81","9":"pa_millesime-82","10":"pa_millesime-89","11":"pa_millesime-90","12":"pa_millesime-91","13":"pa_size-bouteille-75cl","14":"pa_size-double-magnum-3l","15":"pa_size-imperiale-6l","16":"pa_size-magnum-1-5l","18":"first","19":"instock","20":"taxable","21":"shipping-taxable","22":"purchasable","23":"product-type-variable"},"jetpack_sharing_enabled":true,"_links":{"self":[{"href":"https:\/\/chateaubiac.com\/fr\/wp-json\/wp\/v2\/product\/5104","targetHints":{"allow":["GET"]}}],"collection":[{"href":"https:\/\/chateaubiac.com\/fr\/wp-json\/wp\/v2\/product"}],"about":[{"href":"https:\/\/chateaubiac.com\/fr\/wp-json\/wp\/v2\/types\/product"}],"wp:featuredmedia":[{"embeddable":true,"href":"https:\/\/chateaubiac.com\/fr\/wp-json\/wp\/v2\/media\/5027"}],"wp:attachment":[{"href":"https:\/\/chateaubiac.com\/fr\/wp-json\/wp\/v2\/media?parent=5104"}],"wp:term":[{"taxonomy":"product_brand","embeddable":true,"href":"https:\/\/chateaubiac.com\/fr\/wp-json\/wp\/v2\/product_brand?post=5104"},{"taxonomy":"product_cat","embeddable":true,"href":"https:\/\/chateaubiac.com\/fr\/wp-json\/wp\/v2\/product_cat?post=5104"},{"taxonomy":"product_tag","embeddable":true,"href":"https:\/\/chateaubiac.com\/fr\/wp-json\/wp\/v2\/product_tag?post=5104"}],"curies":[{"name":"wp","href":"https:\/\/api.w.org\/{rel}","templated":true}]}}